{"id":2,"date":"2024-04-29T10:14:40","date_gmt":"2024-04-29T10:14:40","guid":{"rendered":"http:\/\/marieisabelle-garcia-psychologue.com\/?page_id=2"},"modified":"2024-05-21T22:51:35","modified_gmt":"2024-05-21T22:51:35","slug":"sample-page","status":"publish","type":"page","link":"https:\/\/marieisabelle-garcia-psychologue.com\/?page_id=2","title":{"rendered":"Psychologue dipl\u00f4m\u00e9e et sp\u00e9cialis\u00e9e en TCC"},"content":{"rendered":"\n<p>Bienvenue, je m&#8217;appelle Isabelle Marie Garcia, Je suis une psychologue dipl\u00f4m\u00e9e en France, et en cours de reconnaissance de mes acquis au Qu\u00e9bec. L\u2019approche que j\u2019utilise avec les patients est celle de la th\u00e9rapie cognitivo-comportementale (TCC).<\/p>\n\n\n\n<p>Mon but ici est de procurer des consultations en ligne.<\/p>\n\n\n\n<p>Ce site me permet de rencontrer des personnes ayant besoin d\u2019une th\u00e9rapie avec la flexibilit\u00e9 des s\u00e9ances \u00e0 distance par le biais de plateformes de visio conf\u00e9rences.<\/p>\n\n\n\n<p>L\u2019important est que chacun soit dans un espace priv\u00e9 sans \u00eatre entendu ni d\u00e9rang\u00e9 par d&#8217;autres personnes.<\/p>\n","protected":false},"excerpt":{"rendered":"<p>Bienvenue, je m&#8217;appelle Isabelle Marie Garcia, Je suis une psychologue dipl\u00f4m\u00e9e en France, et en cours de reconnaissance de mes acquis au Qu\u00e9bec. L\u2019approche que j\u2019utilise avec les patients est celle de la th\u00e9rapie cognitivo-comportementale (TCC). Mon but ici est de procurer des consultations en ligne. Ce site me permet de rencontrer des personnes ayant [&hellip;]<\/p>\n","protected":false},"author":1,"featured_media":0,"parent":0,"menu_order":0,"comment_status":"closed","ping_status":"open","template":"","meta":{"footnotes":""},"class_list":["post-2","page","type-page","status-publish","hentry"],"yoast_head":"<!-- This site is optimized with the Yoast SEO plugin v22.7 - https:\/\/yoast.com\/wordpress\/plugins\/seo\/ -->\n<title>Psychologue dipl\u00f4m\u00e9e et sp\u00e9cialis\u00e9e en TCC - Marie-Isabelle Garcia<\/title>\n<meta name=\"robots\" content=\"index, follow, max-snippet:-1, max-image-preview:large, max-video-preview:-1\" \/>\n<link rel=\"canonical\" href=\"https:\/\/marieisabelle-garcia-psychologue.com\/?page_id=2\" \/>\n<meta property=\"og:locale\" content=\"en_US\" \/>\n<meta property=\"og:type\" content=\"article\" \/>\n<meta property=\"og:title\" content=\"Psychologue dipl\u00f4m\u00e9e et sp\u00e9cialis\u00e9e en TCC - Marie-Isabelle Garcia\" \/>\n<meta property=\"og:description\" content=\"Bienvenue, je m&#8217;appelle Isabelle Marie Garcia, Je suis une psychologue dipl\u00f4m\u00e9e en France, et en cours de reconnaissance de mes acquis au Qu\u00e9bec. L\u2019approche que j\u2019utilise avec les patients est celle de la th\u00e9rapie cognitivo-comportementale (TCC). Mon but ici est de procurer des consultations en ligne. Ce site me permet de rencontrer des personnes ayant [&hellip;]\" \/>\n<meta property=\"og:url\" content=\"https:\/\/marieisabelle-garcia-psychologue.com\/?page_id=2\" \/>\n<meta property=\"og:site_name\" content=\"Marie-Isabelle Garcia\" \/>\n<meta property=\"article:modified_time\" content=\"2024-05-21T22:51:35+00:00\" \/>\n<meta name=\"twitter:card\" content=\"summary_large_image\" \/>\n<meta name=\"twitter:label1\" content=\"Est. reading time\" \/>\n\t<meta name=\"twitter:data1\" content=\"1 minute\" \/>\n<script type=\"application\/ld+json\" class=\"yoast-schema-graph\">{\"@context\":\"https:\/\/schema.org\",\"@graph\":[{\"@type\":\"WebPage\",\"@id\":\"https:\/\/marieisabelle-garcia-psychologue.com\/?page_id=2\",\"url\":\"https:\/\/marieisabelle-garcia-psychologue.com\/?page_id=2\",\"name\":\"Psychologue dipl\u00f4m\u00e9e et sp\u00e9cialis\u00e9e en TCC - Marie-Isabelle Garcia\",\"isPartOf\":{\"@id\":\"https:\/\/marieisabelle-garcia-psychologue.com\/#website\"},\"datePublished\":\"2024-04-29T10:14:40+00:00\",\"dateModified\":\"2024-05-21T22:51:35+00:00\",\"breadcrumb\":{\"@id\":\"https:\/\/marieisabelle-garcia-psychologue.com\/?page_id=2#breadcrumb\"},\"inLanguage\":\"en-US\",\"potentialAction\":[{\"@type\":\"ReadAction\",\"target\":[\"https:\/\/marieisabelle-garcia-psychologue.com\/?page_id=2\"]}]},{\"@type\":\"BreadcrumbList\",\"@id\":\"https:\/\/marieisabelle-garcia-psychologue.com\/?page_id=2#breadcrumb\",\"itemListElement\":[{\"@type\":\"ListItem\",\"position\":1,\"name\":\"Home\",\"item\":\"https:\/\/marieisabelle-garcia-psychologue.com\/\"},{\"@type\":\"ListItem\",\"position\":2,\"name\":\"Psychologue dipl\u00f4m\u00e9e et sp\u00e9cialis\u00e9e en TCC\"}]},{\"@type\":\"WebSite\",\"@id\":\"https:\/\/marieisabelle-garcia-psychologue.com\/#website\",\"url\":\"https:\/\/marieisabelle-garcia-psychologue.com\/\",\"name\":\"Marie-Isabelle Garcia\",\"description\":\"Just another WordPress site\",\"potentialAction\":[{\"@type\":\"SearchAction\",\"target\":{\"@type\":\"EntryPoint\",\"urlTemplate\":\"https:\/\/marieisabelle-garcia-psychologue.com\/?s={search_term_string}\"},\"query-input\":\"required name=search_term_string\"}],\"inLanguage\":\"en-US\"}]}<\/script>\n<!-- \/ Yoast SEO plugin. -->","yoast_head_json":{"title":"Psychologue dipl\u00f4m\u00e9e et sp\u00e9cialis\u00e9e en TCC - Marie-Isabelle Garcia","robots":{"index":"index","follow":"follow","max-snippet":"max-snippet:-1","max-image-preview":"max-image-preview:large","max-video-preview":"max-video-preview:-1"},"canonical":"https:\/\/marieisabelle-garcia-psychologue.com\/?page_id=2","og_locale":"en_US","og_type":"article","og_title":"Psychologue dipl\u00f4m\u00e9e et sp\u00e9cialis\u00e9e en TCC - Marie-Isabelle Garcia","og_description":"Bienvenue, je m&#8217;appelle Isabelle Marie Garcia, Je suis une psychologue dipl\u00f4m\u00e9e en France, et en cours de reconnaissance de mes acquis au Qu\u00e9bec. L\u2019approche que j\u2019utilise avec les patients est celle de la th\u00e9rapie cognitivo-comportementale (TCC). Mon but ici est de procurer des consultations en ligne. Ce site me permet de rencontrer des personnes ayant [&hellip;]","og_url":"https:\/\/marieisabelle-garcia-psychologue.com\/?page_id=2","og_site_name":"Marie-Isabelle Garcia","article_modified_time":"2024-05-21T22:51:35+00:00","twitter_card":"summary_large_image","twitter_misc":{"Est. reading time":"1 minute"},"schema":{"@context":"https:\/\/schema.org","@graph":[{"@type":"WebPage","@id":"https:\/\/marieisabelle-garcia-psychologue.com\/?page_id=2","url":"https:\/\/marieisabelle-garcia-psychologue.com\/?page_id=2","name":"Psychologue dipl\u00f4m\u00e9e et sp\u00e9cialis\u00e9e en TCC - Marie-Isabelle Garcia","isPartOf":{"@id":"https:\/\/marieisabelle-garcia-psychologue.com\/#website"},"datePublished":"2024-04-29T10:14:40+00:00","dateModified":"2024-05-21T22:51:35+00:00","breadcrumb":{"@id":"https:\/\/marieisabelle-garcia-psychologue.com\/?page_id=2#breadcrumb"},"inLanguage":"en-US","potentialAction":[{"@type":"ReadAction","target":["https:\/\/marieisabelle-garcia-psychologue.com\/?page_id=2"]}]},{"@type":"BreadcrumbList","@id":"https:\/\/marieisabelle-garcia-psychologue.com\/?page_id=2#breadcrumb","itemListElement":[{"@type":"ListItem","position":1,"name":"Home","item":"https:\/\/marieisabelle-garcia-psychologue.com\/"},{"@type":"ListItem","position":2,"name":"Psychologue dipl\u00f4m\u00e9e et sp\u00e9cialis\u00e9e en TCC"}]},{"@type":"WebSite","@id":"https:\/\/marieisabelle-garcia-psychologue.com\/#website","url":"https:\/\/marieisabelle-garcia-psychologue.com\/","name":"Marie-Isabelle Garcia","description":"Just another WordPress site","potentialAction":[{"@type":"SearchAction","target":{"@type":"EntryPoint","urlTemplate":"https:\/\/marieisabelle-garcia-psychologue.com\/?s={search_term_string}"},"query-input":"required name=search_term_string"}],"inLanguage":"en-US"}]}},"_links":{"self":[{"href":"https:\/\/marieisabelle-garcia-psychologue.com\/index.php?rest_route=\/wp\/v2\/pages\/2","targetHints":{"allow":["GET"]}}],"collection":[{"href":"https:\/\/marieisabelle-garcia-psychologue.com\/index.php?rest_route=\/wp\/v2\/pages"}],"about":[{"href":"https:\/\/marieisabelle-garcia-psychologue.com\/index.php?rest_route=\/wp\/v2\/types\/page"}],"author":[{"embeddable":true,"href":"https:\/\/marieisabelle-garcia-psychologue.com\/index.php?rest_route=\/wp\/v2\/users\/1"}],"replies":[{"embeddable":true,"href":"https:\/\/marieisabelle-garcia-psychologue.com\/index.php?rest_route=%2Fwp%2Fv2%2Fcomments&post=2"}],"version-history":[{"count":1,"href":"https:\/\/marieisabelle-garcia-psychologue.com\/index.php?rest_route=\/wp\/v2\/pages\/2\/revisions"}],"predecessor-version":[{"id":20,"href":"https:\/\/marieisabelle-garcia-psychologue.com\/index.php?rest_route=\/wp\/v2\/pages\/2\/revisions\/20"}],"wp:attachment":[{"href":"https:\/\/marieisabelle-garcia-psychologue.com\/index.php?rest_route=%2Fwp%2Fv2%2Fmedia&parent=2"}],"curies":[{"name":"wp","href":"https:\/\/api.w.org\/{rel}","templated":true}]}}